{"id":3,"date":"2019-05-16T10:23:11","date_gmt":"2019-05-16T08:23:11","guid":{"rendered":"http:\/\/gv81xwjwm.preview.infomaniak.website\/wp\/?page_id=3"},"modified":"2023-06-19T10:22:31","modified_gmt":"2023-06-19T08:22:31","slug":"mentions-legales","status":"publish","type":"page","link":"https:\/\/www.pomone-sas.fr\/fr\/mentions-legales\/","title":{"rendered":"Mentions l\u00e9gales"},"content":{"rendered":"<p>&nbsp;<\/p>\n<p>&nbsp;<\/p>\n<p>&nbsp;<\/p>\n<p>&nbsp;<\/p>\n<p>&nbsp;<\/p>\n<h2><strong>Pomone<\/strong><\/h2>\n<p>&nbsp;<\/p>\n<p><strong>Email<\/strong>\u00a0:\u00a0<a href=\"mailto:contact@pomone-sas.fr\">contact@pomone-sas.fr<\/a><\/p>\n<p><strong>Directeur de publication<\/strong> : Pomone<\/p>\n<p><strong>Photos<\/strong> : Copyright Pomone, tous droits r\u00e9serv\u00e9s<\/p>\n<p>Le site a \u00e9t\u00e9 commandit\u00e9 par Pomone.<br \/>\nLe site Internet\u00a0<a href=\"https:\/\/www.pomone-sas.fr\/\">www.pomone-sas.fr<\/a> est la propri\u00e9t\u00e9 exclusive de Pomone.<br \/>\nLa consultation du site est subordonn\u00e9e \u00e0 l\u2019acceptation int\u00e9grale et au respect par les internautes, des conditions d\u2019utilisation suivantes. L\u2019internaute s\u2019engage d\u2019ores et d\u00e9j\u00e0 \u00e0 faire des informations contenues sur le site un usage personnel et non commercial. En cas de non-respect des dispositions de la pr\u00e9sente Charte, par l\u2019internaute, sa responsabilit\u00e9 civile et\/ou p\u00e9nale pourrai(en)t se voir engag\u00e9e(s).<\/p>\n<p>&nbsp;<\/p>\n<h3>1 \u2013 Contenu du Site<\/h3>\n<p>Le site est exploit\u00e9 par Pomone.<br \/>\nSite de pr\u00e9sentation des activit\u00e9s et services de Pomone.<\/p>\n<p>&nbsp;<\/p>\n<h3>2 \u2013 Propri\u00e9t\u00e9 intellectuelle<\/h3>\n<p>Le site constitue une \u0153uvre dont Pomone est l\u2019auteur au sens des articles L111.1 et suivants du Code de propri\u00e9t\u00e9 intellectuelle.<\/p>\n<p>De mani\u00e8re g\u00e9n\u00e9rale, les donn\u00e9es, les programmes, les \u00e9chantillons musicaux, les textes, les informations, les logos, les identit\u00e9s visuelles, les images anim\u00e9es ou non et leurs mises en forme apparaissant sur le site sont la propri\u00e9t\u00e9 de Pomone et sont prot\u00e9g\u00e9es \u00e0 ce titre par les dispositions du Code de la propri\u00e9t\u00e9 intellectuelle.<\/p>\n<p>Tout internaute s\u2019engage \u00e0 ne pas les utiliser et \u00e0 ne permettre \u00e0 quiconque d\u2019utiliser ces contenus \u00e0 des fins ill\u00e9gales.<\/p>\n<p>Toute repr\u00e9sentation ou reproduction, totale ou partielle, permanente ou temporaire, sur un support informatique et\/ou papier, et par quelque proc\u00e9d\u00e9 que ce soit (notamment par voie de framing*), de l\u2019un ou l\u2019autre des \u00e9l\u00e9ments du site ou des services propos\u00e9s \u00e0 la vente, sans l\u2019accord pr\u00e9alable et expr\u00e8s de Pomone est interdite, et constitue un acte de contrefa\u00e7on, qui pourra entra\u00eener des condamnations civiles et\/ou p\u00e9nales. Seule l\u2019impression papier est autoris\u00e9e aux fins de copie priv\u00e9e \u00e0 l\u2019usage exclusif du copiste au sens de l\u2019article L122-5 2\u00b0 du Code de propri\u00e9t\u00e9 intellectuelle.<\/p>\n<p>Aucun lien hypertexte vers le site ne peut \u00eatre install\u00e9 sans l\u2019accord pr\u00e9alable et expr\u00e8s de Pomone.<\/p>\n<p>*action de capter le contenu de pages d\u2019un site Internet pour le transf\u00e9rer sur son propre site Internet par le biais d\u2019un lien hypertexte, en faisant appara\u00eetre ledit contenu comme le sien.<\/p>\n<p>&nbsp;<\/p>\n<h3>3 \u2013 Protection des donn\u00e9es personnelles<\/h3>\n<p>L\u2019internaute peut \u00eatre amen\u00e9 \u00e0 d\u00e9poser certaines donn\u00e9es personnelles en r\u00e9pondant aux formulaires qui lui sont propos\u00e9s. La saisie de ces donn\u00e9es est n\u00e9cessaire au traitement de la demande de l\u2019internaute par Pomone.<\/p>\n<p>Pomone s\u2019engage \u00e0 respecter les dispositions de la loi n\u00b078-17 du 6 janvier 1978 relative \u00e0 l\u2019informatique, aux fichiers et aux libert\u00e9s modifi\u00e9e et prendre toute pr\u00e9caution n\u00e9cessaire pour pr\u00e9server la s\u00e9curit\u00e9 des informations nominatives confi\u00e9es. les informations \u00e0 caract\u00e8re personnel pourront \u00eatre communiqu\u00e9e \u00e0 des soci\u00e9t\u00e9s tierces sans accord pr\u00e9alable.<\/p>\n<p>&nbsp;<\/p>\n<h3>4 \u2013 Les cookies<\/h3>\n<p>Comme susvis\u00e9, certaines informations sont collect\u00e9es au moyen de\u00a0<b>cookies<\/b>\u00a0(de petits fichiers texte plac\u00e9s sur le disque dur du visiteur qui stockent des informations les concernant et qui peuvent \u00eatre consult\u00e9s par le pr\u00e9sent site).<\/p>\n<p>Pomone utilise les cookies suivants :<br \/>\n<u>\u2013 Cookies fonctionnels<\/u>: Cookies de session WordPress, Cookie de gestion des cookies et consentement (Tarteaucitron).<br \/>\n<u>\u2013 Cookies accessoires<\/u>: Mesure d\u2019audience et de navigation (Google Analytics)<\/p>\n<p>Pomone informe alors l\u2019Utilisateur qu\u2019il peut s\u2019opposer \u00e0 l\u2019enregistrement de cookies en r\u00e9glant les param\u00e8tres du gestionnaire de cookie pop-up, pr\u00e9sent en bas du site. Seuls les cookies obligatoires au bon fonctionnement du site Internet ne peuvent faire l\u2019objet d\u2019une opposition de la part de l\u2019Utilisateur. De m\u00eame que, si l\u2019Utilisateur refuse les cookies dit \u00ab fonctionnels \u00bb, il reconna\u00eet que des fonctionnalit\u00e9s du site Internet pourraient ne pas fonctionner correctement.Le site Internet utilise \u00e9galement certains services propos\u00e9s par des sites tiers qui engendrent le d\u00e9p\u00f4t de cookies tiers par ces services. Il s\u2019agit notamment des vid\u00e9os <i><b>YOUTUBE<\/b><\/i>\u00a0pr\u00e9sentes sur le site Internet.<\/p>\n<p>De plus, la Pomone pr\u00e9cise \u00e0 l\u2019Utilisateur que si, de mani\u00e8re g\u00e9n\u00e9rale, celui-ci souhaite s\u2019opposer \u00e0 la collecte des cookies, il peut le faire en configurant son navigateur (cf. <a href=\"https:\/\/www.cnil.fr\/fr\/cookies-les-outils-pour-les-maitriser\">conseils de la CNIL).<\/a><\/p>\n<p>&nbsp;<\/p>\n<h3>5 \u2013 Responsabilit\u00e9<\/h3>\n<p>Pomone d\u00e9cline toute responsabilit\u00e9 quant aux \u00e9ventuels dysfonctionnements pouvant survenir sur le site et entra\u00eener une perte de donn\u00e9es ou une indisponibilit\u00e9 de l\u2019acc\u00e8s aux informations produites sur celui-ci.<\/p>\n<p>Les \u00e9l\u00e9ments pr\u00e9sent\u00e9s sur le site sont susceptibles de modification sans pr\u00e9avis et sont mis \u00e0 la disposition des internautes, sans aucune garantie d\u2019aucune sorte, expresse ou tacite.<\/p>\n<p>La pr\u00e9sence de liens hypertextes pr\u00e9sents sur le site \u2013 quelque soit l\u2019existence pr\u00e9alable ou non de l\u2019accord de Pomone \u2013 ne cr\u00e9e pas une solidarit\u00e9 de responsabilit\u00e9 entre celle-ci et les propri\u00e9taires des autres sites, quant au contenu des sites sur lesquels est redirig\u00e9 l\u2019internaute.<\/p>\n<p>Pomone ne peut garantir l\u2019exhaustivit\u00e9 et la v\u00e9racit\u00e9 des informations pr\u00e9sentes sur le site. De la m\u00eame mani\u00e8re, il ne peut garantir l\u2019absence de modification par un tiers (intrusion, virus).<\/p>\n<p>En outre, l\u2019internaute est seul responsable de l\u2019utilisation qu\u2019il fait du contenu du site. Sauf faute grave exclusive de Pomone, sa responsabilit\u00e9 ne peut \u00eatre engag\u00e9e pour des dommages directs et indirects li\u00e9s \u00e0 l\u2019utilisation des informations produites sur le Site.<\/p>\n<p>&nbsp;<\/p>\n<h3>6 \u2013 Loi applicable et comp\u00e9tence judiciaire<\/h3>\n<p>L\u2019ensemble des informations diffus\u00e9 sur le site et l\u2019utilisation qui en est faite sont soumis exclusivement au droit fran\u00e7ais. Seuls les tribunaux relevant du ressort de la Cour d\u2019appel de Paris sont comp\u00e9tents pour conna\u00eetre des \u00e9ventuels litiges li\u00e9s \u00e0 l\u2019utilisation du site.<\/p>\n<p>&nbsp;<\/p>\n<h3>***<\/h3>\n<p><strong>D\u00e9veloppement du site :<\/strong><\/p>\n<p><strong>Welko<\/strong><br \/>\n2, rue Joseph Fourier<br \/>\n49070 Beaucouz\u00e9<\/p>\n<p><a href=\"http:\/\/www.welko.fr\/\" target=\"_blank\" rel=\"noopener noreferrer\">www.welko.fr<\/a><\/p>\n<p>***<\/p>\n<p><strong>H\u00e9bergement du site :<\/strong><\/p>\n<p><strong>Infomaniak<\/strong><\/p>\n<p><a href=\"https:\/\/www.infomaniak.com\/\" target=\"_blank\" rel=\"noopener noreferrer\">www.infomaniak.com<\/a><\/p>\n<p>&nbsp;<\/p>\n<p>Mise \u00e0 jour le 05 Mai 2019<\/p>\n<p>&nbsp;<\/p>\n<p>&nbsp;<\/p>\n","protected":false},"excerpt":{"rendered":"<p>&nbsp; &nbsp; &nbsp; &nbsp; &nbsp; Pomone &nbsp; Email\u00a0:\u00a0contact@pomone-sas.fr Directeur de publication : Pomone Photos : Copyright Pomone, tous droits r\u00e9serv\u00e9s Le site a \u00e9t\u00e9 commandit\u00e9 par Pomone. Le site Internet\u00a0www.pomone-sas.fr est la propri\u00e9t\u00e9 exclusive de Pomone. La consultation du site est subordonn\u00e9e \u00e0 l\u2019acceptation int\u00e9grale et au respect par les internautes, des conditions d\u2019utilisation suivantes. [&hellip;]<\/p>\n","protected":false},"author":1,"featured_media":0,"parent":0,"menu_order":38,"comment_status":"closed","ping_status":"closed","template":"","meta":{"_acf_changed":false,"footnotes":""},"class_list":["post-3","page","type-page","status-publish","hentry"],"acf":[],"yoast_head":"<!-- This site is optimized with the Yoast SEO plugin v27.0 - https:\/\/yoast.com\/product\/yoast-seo-wordpress\/ -->\n<title>Mentions l\u00e9gales - Pomone<\/title>\n<meta name=\"robots\" content=\"index, follow, max-snippet:-1, max-image-preview:large, max-video-preview:-1\" \/>\n<link rel=\"canonical\" href=\"https:\/\/www.pomone-sas.fr\/fr\/mentions-legales\/\" \/>\n<meta property=\"og:locale\" content=\"fr_FR\" \/>\n<meta property=\"og:type\" content=\"article\" \/>\n<meta property=\"og:title\" content=\"Mentions l\u00e9gales - Pomone\" \/>\n<meta property=\"og:description\" content=\"&nbsp; &nbsp; &nbsp; &nbsp; &nbsp; Pomone &nbsp; Email\u00a0:\u00a0contact@pomone-sas.fr Directeur de publication : Pomone Photos : Copyright Pomone, tous droits r\u00e9serv\u00e9s Le site a \u00e9t\u00e9 commandit\u00e9 par Pomone. Le site Internet\u00a0www.pomone-sas.fr est la propri\u00e9t\u00e9 exclusive de Pomone. La consultation du site est subordonn\u00e9e \u00e0 l\u2019acceptation int\u00e9grale et au respect par les internautes, des conditions d\u2019utilisation suivantes. [&hellip;]\" \/>\n<meta property=\"og:url\" content=\"https:\/\/www.pomone-sas.fr\/fr\/mentions-legales\/\" \/>\n<meta property=\"og:site_name\" content=\"Pomone\" \/>\n<meta property=\"article:modified_time\" content=\"2023-06-19T08:22:31+00:00\" \/>\n<meta name=\"twitter:card\" content=\"summary_large_image\" \/>\n<meta name=\"twitter:label1\" content=\"Dur\u00e9e de lecture estim\u00e9e\" \/>\n\t<meta name=\"twitter:data1\" content=\"5 minutes\" \/>\n<script type=\"application\/ld+json\" class=\"yoast-schema-graph\">{\"@context\":\"https:\/\/schema.org\",\"@graph\":[{\"@type\":\"WebPage\",\"@id\":\"https:\/\/www.pomone-sas.fr\/fr\/mentions-legales\/\",\"url\":\"https:\/\/www.pomone-sas.fr\/fr\/mentions-legales\/\",\"name\":\"Mentions l\u00e9gales - Pomone\",\"isPartOf\":{\"@id\":\"https:\/\/www.pomone-sas.fr\/fr\/#website\"},\"datePublished\":\"2019-05-16T08:23:11+00:00\",\"dateModified\":\"2023-06-19T08:22:31+00:00\",\"breadcrumb\":{\"@id\":\"https:\/\/www.pomone-sas.fr\/fr\/mentions-legales\/#breadcrumb\"},\"inLanguage\":\"fr-FR\",\"potentialAction\":[{\"@type\":\"ReadAction\",\"target\":[\"https:\/\/www.pomone-sas.fr\/fr\/mentions-legales\/\"]}]},{\"@type\":\"BreadcrumbList\",\"@id\":\"https:\/\/www.pomone-sas.fr\/fr\/mentions-legales\/#breadcrumb\",\"itemListElement\":[{\"@type\":\"ListItem\",\"position\":1,\"name\":\"Accueil\",\"item\":\"https:\/\/www.pomone-sas.fr\/fr\/\"},{\"@type\":\"ListItem\",\"position\":2,\"name\":\"Mentions l\u00e9gales\"}]},{\"@type\":\"WebSite\",\"@id\":\"https:\/\/www.pomone-sas.fr\/fr\/#website\",\"url\":\"https:\/\/www.pomone-sas.fr\/fr\/\",\"name\":\"Pomone\",\"description\":\"Une histoire qui dure depuis 5 g\u00e9n\u00e9rations\",\"publisher\":{\"@id\":\"https:\/\/www.pomone-sas.fr\/fr\/#organization\"},\"potentialAction\":[{\"@type\":\"SearchAction\",\"target\":{\"@type\":\"EntryPoint\",\"urlTemplate\":\"https:\/\/www.pomone-sas.fr\/fr\/?s={search_term_string}\"},\"query-input\":{\"@type\":\"PropertyValueSpecification\",\"valueRequired\":true,\"valueName\":\"search_term_string\"}}],\"inLanguage\":\"fr-FR\"},{\"@type\":\"Organization\",\"@id\":\"https:\/\/www.pomone-sas.fr\/fr\/#organization\",\"name\":\"Pomone\",\"url\":\"https:\/\/www.pomone-sas.fr\/fr\/\",\"logo\":{\"@type\":\"ImageObject\",\"inLanguage\":\"fr-FR\",\"@id\":\"https:\/\/www.pomone-sas.fr\/fr\/#\/schema\/logo\/image\/\",\"url\":\"https:\/\/www.pomone-sas.fr\/wp-content\/uploads\/2019\/06\/logo_pomone.png\",\"contentUrl\":\"https:\/\/www.pomone-sas.fr\/wp-content\/uploads\/2019\/06\/logo_pomone.png\",\"width\":768,\"height\":202,\"caption\":\"Pomone\"},\"image\":{\"@id\":\"https:\/\/www.pomone-sas.fr\/fr\/#\/schema\/logo\/image\/\"}}]}<\/script>\n<!-- \/ Yoast SEO plugin. -->","yoast_head_json":{"title":"Mentions l\u00e9gales - Pomone","robots":{"index":"index","follow":"follow","max-snippet":"max-snippet:-1","max-image-preview":"max-image-preview:large","max-video-preview":"max-video-preview:-1"},"canonical":"https:\/\/www.pomone-sas.fr\/fr\/mentions-legales\/","og_locale":"fr_FR","og_type":"article","og_title":"Mentions l\u00e9gales - Pomone","og_description":"&nbsp; &nbsp; &nbsp; &nbsp; &nbsp; Pomone &nbsp; Email\u00a0:\u00a0contact@pomone-sas.fr Directeur de publication : Pomone Photos : Copyright Pomone, tous droits r\u00e9serv\u00e9s Le site a \u00e9t\u00e9 commandit\u00e9 par Pomone. Le site Internet\u00a0www.pomone-sas.fr est la propri\u00e9t\u00e9 exclusive de Pomone. La consultation du site est subordonn\u00e9e \u00e0 l\u2019acceptation int\u00e9grale et au respect par les internautes, des conditions d\u2019utilisation suivantes. [&hellip;]","og_url":"https:\/\/www.pomone-sas.fr\/fr\/mentions-legales\/","og_site_name":"Pomone","article_modified_time":"2023-06-19T08:22:31+00:00","twitter_card":"summary_large_image","twitter_misc":{"Dur\u00e9e de lecture estim\u00e9e":"5 minutes"},"schema":{"@context":"https:\/\/schema.org","@graph":[{"@type":"WebPage","@id":"https:\/\/www.pomone-sas.fr\/fr\/mentions-legales\/","url":"https:\/\/www.pomone-sas.fr\/fr\/mentions-legales\/","name":"Mentions l\u00e9gales - Pomone","isPartOf":{"@id":"https:\/\/www.pomone-sas.fr\/fr\/#website"},"datePublished":"2019-05-16T08:23:11+00:00","dateModified":"2023-06-19T08:22:31+00:00","breadcrumb":{"@id":"https:\/\/www.pomone-sas.fr\/fr\/mentions-legales\/#breadcrumb"},"inLanguage":"fr-FR","potentialAction":[{"@type":"ReadAction","target":["https:\/\/www.pomone-sas.fr\/fr\/mentions-legales\/"]}]},{"@type":"BreadcrumbList","@id":"https:\/\/www.pomone-sas.fr\/fr\/mentions-legales\/#breadcrumb","itemListElement":[{"@type":"ListItem","position":1,"name":"Accueil","item":"https:\/\/www.pomone-sas.fr\/fr\/"},{"@type":"ListItem","position":2,"name":"Mentions l\u00e9gales"}]},{"@type":"WebSite","@id":"https:\/\/www.pomone-sas.fr\/fr\/#website","url":"https:\/\/www.pomone-sas.fr\/fr\/","name":"Pomone","description":"Une histoire qui dure depuis 5 g\u00e9n\u00e9rations","publisher":{"@id":"https:\/\/www.pomone-sas.fr\/fr\/#organization"},"potentialAction":[{"@type":"SearchAction","target":{"@type":"EntryPoint","urlTemplate":"https:\/\/www.pomone-sas.fr\/fr\/?s={search_term_string}"},"query-input":{"@type":"PropertyValueSpecification","valueRequired":true,"valueName":"search_term_string"}}],"inLanguage":"fr-FR"},{"@type":"Organization","@id":"https:\/\/www.pomone-sas.fr\/fr\/#organization","name":"Pomone","url":"https:\/\/www.pomone-sas.fr\/fr\/","logo":{"@type":"ImageObject","inLanguage":"fr-FR","@id":"https:\/\/www.pomone-sas.fr\/fr\/#\/schema\/logo\/image\/","url":"https:\/\/www.pomone-sas.fr\/wp-content\/uploads\/2019\/06\/logo_pomone.png","contentUrl":"https:\/\/www.pomone-sas.fr\/wp-content\/uploads\/2019\/06\/logo_pomone.png","width":768,"height":202,"caption":"Pomone"},"image":{"@id":"https:\/\/www.pomone-sas.fr\/fr\/#\/schema\/logo\/image\/"}}]}},"_links":{"self":[{"href":"https:\/\/www.pomone-sas.fr\/fr\/wp-json\/wp\/v2\/pages\/3","targetHints":{"allow":["GET"]}}],"collection":[{"href":"https:\/\/www.pomone-sas.fr\/fr\/wp-json\/wp\/v2\/pages"}],"about":[{"href":"https:\/\/www.pomone-sas.fr\/fr\/wp-json\/wp\/v2\/types\/page"}],"author":[{"embeddable":true,"href":"https:\/\/www.pomone-sas.fr\/fr\/wp-json\/wp\/v2\/users\/1"}],"replies":[{"embeddable":true,"href":"https:\/\/www.pomone-sas.fr\/fr\/wp-json\/wp\/v2\/comments?post=3"}],"version-history":[{"count":7,"href":"https:\/\/www.pomone-sas.fr\/fr\/wp-json\/wp\/v2\/pages\/3\/revisions"}],"predecessor-version":[{"id":2669,"href":"https:\/\/www.pomone-sas.fr\/fr\/wp-json\/wp\/v2\/pages\/3\/revisions\/2669"}],"wp:attachment":[{"href":"https:\/\/www.pomone-sas.fr\/fr\/wp-json\/wp\/v2\/media?parent=3"}],"curies":[{"name":"wp","href":"https:\/\/api.w.org\/{rel}","templated":true}]}}